{"id":3,"date":"2024-02-28T19:38:46","date_gmt":"2024-02-28T19:38:46","guid":{"rendered":"https:\/\/uploady.net\/?page_id=3"},"modified":"2024-03-19T12:24:57","modified_gmt":"2024-03-19T12:24:57","slug":"privacy-policy","status":"publish","type":"page","link":"https:\/\/uploady.net\/fr\/privacy-policy\/","title":{"rendered":"Politique de confidentialit\u00e9"},"content":{"rendered":"\r\n<p>Who we are<\/p>\r\n\r\n\r\n\r\n<p>Our website address is: https:\/\/uploady.net.<\/p>\r\n\r\n\r\n\r\n<p>At Uploady.net, we take your privacy seriously. This Privacy Policy explains how we collect, use, and protect your personal information when you use our file hosting service.<\/p>\r\n<p><strong>Information We Collect:<\/strong><\/p>\r\n<p>We only collect the following information, which is automatically logged by our web server:<\/p>\r\n<ul>\r\n<li>IP address<\/li>\r\n<li>Browser type<\/li>\r\n<li>Date and time of access<\/li>\r\n<li>Referring\/exit pages<\/li>\r\n<li>Clickstream data<\/li>\r\n<li>Other similar information<\/li>\r\n<\/ul>\r\n<p><strong>How We Use Your Information:<\/strong><\/p>\r\n<p>We use the logged information solely for the purpose of administering and improving our website. This information helps us understand how visitors interact with our site and allows us to optimize our services.<\/p>\r\n<p><strong>Data Security:<\/strong><\/p>\r\n<p>We take appropriate measures to protect your information from unauthorized access, alteration, disclosure, or destruction.<\/p>\r\n<p><strong>Third-Party Services:<\/strong><\/p>\r\n<p>We do not share your information with third-party services.<\/p>\r\n<p><strong>Updates to This Privacy Policy:<\/strong><\/p>\r\n<p>We may update this Privacy Policy from time to time. Any changes will be posted on this page.<\/p>\r\n<p><strong>Contact Us:<\/strong><\/p>\r\n<p>If you have any questions or concerns about our Privacy Policy, please contact us at privacypolicy (@) uploady dot net.<\/p>\r\n","protected":false},"excerpt":{"rendered":"<p>Qui nous sommes Notre adresse de site Web est : https:\/\/uploady.net. Chez Uploady.net, nous prenons votre vie priv\u00e9e au s\u00e9rieux. Cette Politique de confidentialit\u00e9 explique comment nous collectons, utilisons et prot\u00e9geons vos informations personnelles lorsque vous utilisez notre service d&#8217;h\u00e9bergement &hellip;<\/p>\n<p class=\"read-more\"> <a class=\"more-link\" href=\"https:\/\/uploady.net\/fr\/privacy-policy\/\"> <span class=\"screen-reader-text\">Politique de confidentialit\u00e9<\/span> En lire plus &raquo;<\/a><\/p>\n","protected":false},"author":1,"featured_media":0,"parent":0,"menu_order":90,"comment_status":"closed","ping_status":"open","template":"full-width-page.php","meta":{"footnotes":""},"class_list":["post-3","page","type-page","status-publish","hentry"],"_links":{"self":[{"href":"https:\/\/uploady.net\/fr\/wp-json\/wp\/v2\/pages\/3","targetHints":{"allow":["GET"]}}],"collection":[{"href":"https:\/\/uploady.net\/fr\/wp-json\/wp\/v2\/pages"}],"about":[{"href":"https:\/\/uploady.net\/fr\/wp-json\/wp\/v2\/types\/page"}],"author":[{"embeddable":true,"href":"https:\/\/uploady.net\/fr\/wp-json\/wp\/v2\/users\/1"}],"replies":[{"embeddable":true,"href":"https:\/\/uploady.net\/fr\/wp-json\/wp\/v2\/comments?post=3"}],"version-history":[{"count":6,"href":"https:\/\/uploady.net\/fr\/wp-json\/wp\/v2\/pages\/3\/revisions"}],"predecessor-version":[{"id":79,"href":"https:\/\/uploady.net\/fr\/wp-json\/wp\/v2\/pages\/3\/revisions\/79"}],"wp:attachment":[{"href":"https:\/\/uploady.net\/fr\/wp-json\/wp\/v2\/media?parent=3"}],"curies":[{"name":"wp","href":"https:\/\/api.w.org\/{rel}","templated":true}]}}