{"id":137,"date":"2024-03-17T14:31:23","date_gmt":"2024-03-17T14:31:23","guid":{"rendered":"https:\/\/uploady.net\/?page_id=137"},"modified":"2025-02-02T18:54:50","modified_gmt":"2025-02-02T18:54:50","slug":"disclaimer","status":"publish","type":"page","link":"https:\/\/uploady.net\/pl\/disclaimer\/","title":{"rendered":"O\u015bwiadczenie o odmowie odpowiedzialno\u015bci"},"content":{"rendered":"<p>The primary objective of this website (<a href=\"https:\/\/uploady.net\" target=\"_new\" rel=\"noopener\">https:\/\/uploady.net<\/a>) is to provide information about the services offered by Uploady. Additionally, this domain was acquired on 2024-02-28T18:01:21Z. The current owner has no information about the previous owner and is not affiliated in any way with past activities or business operations.<\/p>\n","protected":false},"excerpt":{"rendered":"<p>G\u0142\u00f3wnym celem tej strony internetowej (https:\/\/uploady.net) jest dostarczanie informacji o us\u0142ugach oferowanych przez Uploady. Dodatkowo, ta domena zosta\u0142a nabyta w dniu 2024-02-28T18:01:21Z. Obecny w\u0142a\u015bciciel nie posiada informacji na temat poprzedniego w\u0142a\u015bciciela i nie jest w \u017caden spos\u00f3b zwi\u0105zany z wcze\u015bniejszymi &hellip;<\/p>\n<p class=\"read-more\"> <a class=\"more-link\" href=\"https:\/\/uploady.net\/pl\/disclaimer\/\"> <span class=\"screen-reader-text\">O\u015bwiadczenie o odmowie odpowiedzialno\u015bci<\/span> Czytaj wi\u0119cej  &raquo;<\/a><\/p>\n","protected":false},"author":1,"featured_media":0,"parent":0,"menu_order":0,"comment_status":"closed","ping_status":"closed","template":"full-width-page.php","meta":{"footnotes":""},"class_list":["post-137","page","type-page","status-publish","hentry"],"_links":{"self":[{"href":"https:\/\/uploady.net\/pl\/wp-json\/wp\/v2\/pages\/137","targetHints":{"allow":["GET"]}}],"collection":[{"href":"https:\/\/uploady.net\/pl\/wp-json\/wp\/v2\/pages"}],"about":[{"href":"https:\/\/uploady.net\/pl\/wp-json\/wp\/v2\/types\/page"}],"author":[{"embeddable":true,"href":"https:\/\/uploady.net\/pl\/wp-json\/wp\/v2\/users\/1"}],"replies":[{"embeddable":true,"href":"https:\/\/uploady.net\/pl\/wp-json\/wp\/v2\/comments?post=137"}],"version-history":[{"count":6,"href":"https:\/\/uploady.net\/pl\/wp-json\/wp\/v2\/pages\/137\/revisions"}],"predecessor-version":[{"id":252,"href":"https:\/\/uploady.net\/pl\/wp-json\/wp\/v2\/pages\/137\/revisions\/252"}],"wp:attachment":[{"href":"https:\/\/uploady.net\/pl\/wp-json\/wp\/v2\/media?parent=137"}],"curies":[{"name":"wp","href":"https:\/\/api.w.org\/{rel}","templated":true}]}}