{"id":165,"date":"2024-03-19T13:25:16","date_gmt":"2024-03-19T13:25:16","guid":{"rendered":"https:\/\/uploady.net\/?page_id=165"},"modified":"2024-03-19T13:33:06","modified_gmt":"2024-03-19T13:33:06","slug":"contacts","status":"publish","type":"page","link":"https:\/\/uploady.net\/vi\/contacts\/","title":{"rendered":"Li\u00ean h\u1ec7"},"content":{"rendered":"<div>\n<h2 class=\"title\">Contact form<\/h2>\n<p>To contact us simply fill the form below. Please take a minute reading both our <a href=\"https:\/\/uploady.net\/terms-of-service\/\">Terms of Service<\/a> before sending any messages regarding the service.<\/p>\n<form action=\"https:\/\/uploady.net\/\" method=\"post\"><input name=\"op\" type=\"hidden\" value=\"contact_send\" \/><br \/>\n<input name=\"token\" type=\"hidden\" value=\"\" \/><br \/>\n<input name=\"rand\" type=\"hidden\" value=\"hviwhe3mm5bffp52g2kykl22ittjnqtli52d6uwflq\" \/><\/p>\n<table border=\"0\">\n<tbody>\n<tr>\n<td>Name:<\/td>\n<td><input style=\"width: 99%;\" maxlength=\"38\" name=\"name\" type=\"text\" value=\"\" \/><\/td>\n<\/tr>\n<tr>\n<td>E-mail:<\/td>\n<td><input style=\"width: 99%;\" maxlength=\"38\" name=\"email\" size=\"25\" type=\"text\" value=\"\" \/><\/td>\n<\/tr>\n<tr>\n<td colspan=\"2\"><textarea style=\"width: 310px;\" cols=\"25\" name=\"message\" rows=\"7\"><\/textarea><\/td>\n<\/tr>\n<tr>\n<td colspan=\"2\" align=\"center\">\n<table>\n<tbody>\n<tr>\n<td colspan=\"2\"><b>Enter the numbers below:<\/b><\/td>\n<\/tr>\n<tr>\n<td align=\"right\">\n<div style=\"width: 85px; height: 28px; font: bold 15px Arial; background: #ccc; text-align: left; direction: ltr;\"><span style=\"position: absolute; padding-left: 7px; padding-top: 4px;\">8<\/span><span style=\"position: absolute; padding-left: 44px; padding-top: 8px;\">3<\/span><span style=\"position: absolute; padding-left: 25px; padding-top: 7px;\">6<\/span><span style=\"position: absolute; padding-left: 62px; padding-top: 6px;\">3<\/span><\/div>\n<\/td>\n<td align=\"left\" valign=\"middle\"><input class=\"captcha_code\" name=\"code\" type=\"text\" \/><\/td>\n<\/tr>\n<\/tbody>\n<\/table>\n<\/td>\n<\/tr>\n<tr>\n<td colspan=\"2\" align=\"center\"><input name=\"submit_message\" type=\"submit\" value=\"Send Message\" \/><\/td>\n<\/tr>\n<\/tbody>\n<\/table>\n<\/form>\n<\/div>\n","protected":false},"excerpt":{"rendered":"<p>Bi\u1ec3u m\u1eabu li\u00ean h\u1ec7 \u0110\u1ec3 li\u00ean h\u1ec7 v\u1edbi ch\u00fang t\u00f4i, ch\u1ec9 c\u1ea7n \u0111i\u1ec1n v\u00e0o bi\u1ec3u m\u1eabu d\u01b0\u1edbi \u0111\u00e2y. Vui l\u00f2ng d\u00e0nh m\u1ed9t ph\u00fat \u0111\u1ec3 \u0111\u1ecdc c\u1ea3 hai \u0110i\u1ec1u kho\u1ea3n D\u1ecbch v\u1ee5 c\u1ee7a ch\u00fang t\u00f4i tr\u01b0\u1edbc khi g\u1eedi b\u1ea5t k\u1ef3 th\u00f4ng &hellip;<\/p>\n<p class=\"read-more\"> <a class=\"more-link\" href=\"https:\/\/uploady.net\/vi\/contacts\/\"> <span class=\"screen-reader-text\">Li\u00ean h\u1ec7<\/span> Read More &raquo;<\/a><\/p>\n","protected":false},"author":1,"featured_media":0,"parent":0,"menu_order":0,"comment_status":"closed","ping_status":"closed","template":"","meta":{"footnotes":""},"class_list":["post-165","page","type-page","status-publish","hentry"],"_links":{"self":[{"href":"https:\/\/uploady.net\/vi\/wp-json\/wp\/v2\/pages\/165","targetHints":{"allow":["GET"]}}],"collection":[{"href":"https:\/\/uploady.net\/vi\/wp-json\/wp\/v2\/pages"}],"about":[{"href":"https:\/\/uploady.net\/vi\/wp-json\/wp\/v2\/types\/page"}],"author":[{"embeddable":true,"href":"https:\/\/uploady.net\/vi\/wp-json\/wp\/v2\/users\/1"}],"replies":[{"embeddable":true,"href":"https:\/\/uploady.net\/vi\/wp-json\/wp\/v2\/comments?post=165"}],"version-history":[{"count":2,"href":"https:\/\/uploady.net\/vi\/wp-json\/wp\/v2\/pages\/165\/revisions"}],"predecessor-version":[{"id":167,"href":"https:\/\/uploady.net\/vi\/wp-json\/wp\/v2\/pages\/165\/revisions\/167"}],"wp:attachment":[{"href":"https:\/\/uploady.net\/vi\/wp-json\/wp\/v2\/media?parent=165"}],"curies":[{"name":"wp","href":"https:\/\/api.w.org\/{rel}","templated":true}]}}