{"id":207,"date":"2024-06-05T17:02:23","date_gmt":"2024-06-05T17:02:23","guid":{"rendered":"https:\/\/uploady.net\/?page_id=207"},"modified":"2025-05-17T09:47:18","modified_gmt":"2025-05-17T09:47:18","slug":"whats-new","status":"publish","type":"page","link":"https:\/\/uploady.net\/vi\/whats-new\/","title":{"rendered":"C\u00f3 g\u00ec m\u1edbi"},"content":{"rendered":"<p><strong>17 May 2025<\/strong><\/p>\n<p><strong data-start=\"120\" data-end=\"141\"><span class=\"_fadeIn_m1hgl_8\">Important <\/span><span class=\"_fadeIn_m1hgl_8\">Update:<\/span><\/strong> <span class=\"_fadeIn_m1hgl_8\">The <\/span><span class=\"_fadeIn_m1hgl_8\">USDT <\/span><span class=\"_fadeIn_m1hgl_8\">withdrawal <\/span><span class=\"_fadeIn_m1hgl_8\">network <\/span><span class=\"_fadeIn_m1hgl_8\">has <\/span><span class=\"_fadeIn_m1hgl_8\">been <\/span><span class=\"_fadeIn_m1hgl_8\">changed <\/span><span class=\"_fadeIn_m1hgl_8\">to <\/span><strong data-start=\"190\" data-end=\"200\"><span class=\"_fadeIn_m1hgl_8\">BEP-<\/span><span class=\"_fadeIn_m1hgl_8\">20<\/span><\/strong><span class=\"_fadeIn_m1hgl_8\">.<\/span><\/p>\n<p data-start=\"219\" data-end=\"234\"><strong data-start=\"219\" data-end=\"234\"><span class=\"_fadeIn_m1hgl_8\">Dear <\/span><span class=\"_fadeIn_m1hgl_8\">Users,<\/span><\/strong><\/p>\n<p data-start=\"236\" data-end=\"431\"><span class=\"_fadeIn_m1hgl_8\">We\u2019d <\/span><span class=\"_fadeIn_m1hgl_8\">like <\/span><span class=\"_fadeIn_m1hgl_8\">to <\/span><span class=\"_fadeIn_m1hgl_8\">inform <\/span><span class=\"_fadeIn_m1hgl_8\">you <\/span><span class=\"_fadeIn_m1hgl_8\">that <\/span><span class=\"_fadeIn_m1hgl_8\">moving <\/span><span class=\"_fadeIn_m1hgl_8\">forward, <\/span><span class=\"_fadeIn_m1hgl_8\">all <\/span><strong data-start=\"285\" data-end=\"362\"><span class=\"_fadeIn_m1hgl_8\">USDT <\/span><span class=\"_fadeIn_m1hgl_8\">withdrawals <\/span><span class=\"_fadeIn_m1hgl_8\">will <\/span><span class=\"_fadeIn_m1hgl_8\">be <\/span><span class=\"_fadeIn_m1hgl_8\">processed <\/span><span class=\"_fadeIn_m1hgl_8\">exclusively <\/span><span class=\"_fadeIn_m1hgl_8\">through <\/span><span class=\"_fadeIn_m1hgl_8\">the <\/span><span class=\"_fadeIn_m1hgl_8\">BEP-<\/span><span class=\"_fadeIn_m1hgl_8\">20 <\/span><span class=\"_fadeIn_m1hgl_8\">network<\/span><\/strong><span class=\"_fadeIn_m1hgl_8\">. <\/span><span class=\"_fadeIn_m1hgl_8\">Withdrawals <\/span><span class=\"_fadeIn_m1hgl_8\">via <\/span><span class=\"_fadeIn_m1hgl_8\">the <\/span><strong data-start=\"384\" data-end=\"430\"><span class=\"_fadeIn_m1hgl_8\">TRC-<\/span><span class=\"_fadeIn_m1hgl_8\">20 <\/span><span class=\"_fadeIn_m1hgl_8\">network <\/span><span class=\"_fadeIn_m1hgl_8\">will <\/span><span class=\"_fadeIn_m1hgl_8\">no <\/span><span class=\"_fadeIn_m1hgl_8\">longer <\/span><span class=\"_fadeIn_m1hgl_8\">be <\/span><span class=\"_fadeIn_m1hgl_8\">supported<\/span><\/strong><span class=\"_fadeIn_m1hgl_8\">.<\/span><\/p>\n<p data-start=\"433\" data-end=\"539\"><span class=\"_fadeIn_m1hgl_8\">Please <\/span><span class=\"_fadeIn_m1hgl_8\">make <\/span><span class=\"_fadeIn_m1hgl_8\">sure <\/span><span class=\"_fadeIn_m1hgl_8\">to <\/span><span class=\"_fadeIn_m1hgl_8\">update <\/span><span class=\"_fadeIn_m1hgl_8\">your <\/span><span class=\"_fadeIn_m1hgl_8\">withdrawal <\/span><span class=\"_fadeIn_m1hgl_8\">details <\/span><span class=\"_fadeIn_m1hgl_8\">to <\/span><span class=\"_fadeIn_m1hgl_8\">prevent <\/span><span class=\"_fadeIn_m1hgl_8\">any <\/span><span class=\"_fadeIn_m1hgl_8\">delays <\/span><span class=\"_fadeIn_m1hgl_8\">or <\/span><span class=\"_fadeIn_m1hgl_8\">issues <\/span><span class=\"_fadeIn_m1hgl_8\">with <\/span><span class=\"_fadeIn_m1hgl_8\">your <\/span><span class=\"_fadeIn_m1hgl_8\">transactions.<\/span><\/p>\n<p data-start=\"541\" data-end=\"596\"><span class=\"_fadeIn_m1hgl_8\">Thank <\/span><span class=\"_fadeIn_m1hgl_8\">you <\/span><span class=\"_fadeIn_m1hgl_8\">for <\/span><span class=\"_fadeIn_m1hgl_8\">your <\/span><span class=\"_fadeIn_m1hgl_8\">understanding <\/span><span class=\"_fadeIn_m1hgl_8\">and <\/span><span class=\"_fadeIn_m1hgl_8\">continued <\/span><span class=\"_fadeIn_m1hgl_8\">support!<\/span><\/p>\n<p>&nbsp;<\/p>\n<p><strong>6 Jun 2024<\/strong><\/p>\n<p>Dear Users,<\/p>\n<p>The issue with statistics counting has been resolved. You can now accurately track your downloads. Thank you for your patience!<\/p>\n<p>Best regards,<\/p>\n<p>Uploady<\/p>\n<p><strong>5 Jun 2024<\/strong><\/p>\n<p>Dear Users,<\/p>\n<p>We are delighted to announce that our website is now fully functional once more. We apologize for any inconvenience the downtime may have caused.<\/p>\n<p>Thank you for your patience and understanding. If you encounter any further issues, please don't hesitate to reach out to our support team.<\/p>\n<p>Best regards,<\/p>\n<p>Uploady<\/p>\n","protected":false},"excerpt":{"rendered":"<p>17 th\u00e1ng 5 n\u0103m 2025 C\u1eadp nh\u1eadt quan tr\u1ecdng: M\u1ea1ng l\u01b0\u1edbi r\u00fat USDT \u0111\u00e3 \u0111\u01b0\u1ee3c chuy\u1ec3n sang BEP-20. K\u00ednh g\u1eedi ng\u01b0\u1eddi d\u00f9ng, Ch\u00fang t\u00f4i xin th\u00f4ng b\u00e1o r\u1eb1ng t\u1eeb nay, m\u1ecdi giao d\u1ecbch r\u00fat USDT s\u1ebd ch\u1ec9 \u0111\u01b0\u1ee3c th\u1ef1c hi\u1ec7n &hellip;<\/p>\n<p class=\"read-more\"> <a class=\"more-link\" href=\"https:\/\/uploady.net\/vi\/whats-new\/\"> <span class=\"screen-reader-text\">C\u00f3 g\u00ec m\u1edbi<\/span> Read More &raquo;<\/a><\/p>\n","protected":false},"author":1,"featured_media":0,"parent":0,"menu_order":0,"comment_status":"closed","ping_status":"closed","template":"full-width-page.php","meta":{"footnotes":""},"class_list":["post-207","page","type-page","status-publish","hentry"],"_links":{"self":[{"href":"https:\/\/uploady.net\/vi\/wp-json\/wp\/v2\/pages\/207","targetHints":{"allow":["GET"]}}],"collection":[{"href":"https:\/\/uploady.net\/vi\/wp-json\/wp\/v2\/pages"}],"about":[{"href":"https:\/\/uploady.net\/vi\/wp-json\/wp\/v2\/types\/page"}],"author":[{"embeddable":true,"href":"https:\/\/uploady.net\/vi\/wp-json\/wp\/v2\/users\/1"}],"replies":[{"embeddable":true,"href":"https:\/\/uploady.net\/vi\/wp-json\/wp\/v2\/comments?post=207"}],"version-history":[{"count":8,"href":"https:\/\/uploady.net\/vi\/wp-json\/wp\/v2\/pages\/207\/revisions"}],"predecessor-version":[{"id":274,"href":"https:\/\/uploady.net\/vi\/wp-json\/wp\/v2\/pages\/207\/revisions\/274"}],"wp:attachment":[{"href":"https:\/\/uploady.net\/vi\/wp-json\/wp\/v2\/media?parent=207"}],"curies":[{"name":"wp","href":"https:\/\/api.w.org\/{rel}","templated":true}]}}